{"id":39,"date":"2022-02-09T17:03:40","date_gmt":"2022-02-09T17:03:40","guid":{"rendered":"http:\/\/dans-cee.com\/?page_id=39"},"modified":"2025-07-14T18:22:38","modified_gmt":"2025-07-14T18:22:38","slug":"defence-aerospace-naval-suppliers-cee","status":"publish","type":"page","link":"https:\/\/dans.ltd\/de\/","title":{"rendered":"Defence Aerospace Naval Supplier CEE"},"content":{"rendered":"<div data-elementor-type=\"wp-page\" data-elementor-id=\"39\" class=\"elementor elementor-39\">\n\t\t\t\t\t\t<section class=\"elementor-section elementor-top-section elementor-element elementor-element-fb83f33 elementor-section-boxed elementor-section-height-default elementor-section-height-default\" data-id=\"fb83f33\" data-element_type=\"section\" data-e-type=\"section\">\n\t\t\t\t\t\t<div class=\"elementor-container elementor-column-gap-default\">\n\t\t\t\t\t<div class=\"elementor-column elementor-col-100 elementor-top-column elementor-element elementor-element-6acbcab\" data-id=\"6acbcab\" data-element_type=\"column\" data-e-type=\"column\">\n\t\t\t<div class=\"elementor-widget-wrap elementor-element-populated\">\n\t\t\t\t\t\t<div class=\"elementor-element elementor-element-05c777d elementor-widget elementor-widget-heading\" data-id=\"05c777d\" data-element_type=\"widget\" data-e-type=\"widget\" data-widget_type=\"heading.default\">\n\t\t\t\t<div class=\"elementor-widget-container\">\n\t\t\t\t\t<h1 class=\"elementor-heading-title elementor-size-default\">WILLKOMMEN<\/h1>\t\t\t\t<\/div>\n\t\t\t\t<\/div>\n\t\t\t\t\t<\/div>\n\t\t<\/div>\n\t\t\t\t\t<\/div>\n\t\t<\/section>\n\t\t\t\t<section class=\"elementor-section elementor-top-section elementor-element elementor-element-f034542 elementor-section-boxed elementor-section-height-default elementor-section-height-default\" data-id=\"f034542\" data-element_type=\"section\" data-e-type=\"section\">\n\t\t\t\t\t\t<div class=\"elementor-container elementor-column-gap-default\">\n\t\t\t\t\t<div class=\"elementor-column elementor-col-100 elementor-top-column elementor-element elementor-element-3f85264\" data-id=\"3f85264\" data-element_type=\"column\" data-e-type=\"column\">\n\t\t\t<div class=\"elementor-widget-wrap elementor-element-populated\">\n\t\t\t\t\t\t<section class=\"elementor-section elementor-inner-section elementor-element elementor-element-7ef3691 elementor-section-boxed elementor-section-height-default elementor-section-height-default\" data-id=\"7ef3691\" data-element_type=\"section\" data-e-type=\"section\">\n\t\t\t\t\t\t<div class=\"elementor-container elementor-column-gap-default\">\n\t\t\t\t\t<div class=\"elementor-column elementor-col-50 elementor-inner-column elementor-element elementor-element-2c7a321\" data-id=\"2c7a321\" data-element_type=\"column\" data-e-type=\"column\">\n\t\t\t<div class=\"elementor-widget-wrap elementor-element-populated\">\n\t\t\t\t\t\t<div class=\"elementor-element elementor-element-4b8f986 elementor-widget elementor-widget-text-editor\" data-id=\"4b8f986\" data-element_type=\"widget\" data-e-type=\"widget\" data-widget_type=\"text-editor.default\">\n\t\t\t\t<div class=\"elementor-widget-container\">\n\t\t\t\t\t\t\t\t\t<p style=\"text-align: justify;\"><span style=\"font-size: 14pt;\">Bei DANS beobachten wir eine massive Umstrukturierung der internationalen Lieferketten in den Bereichen Verteidigung, Luft- und Raumfahrt, Marine und Weltraum und sind \u00fcberzeugt, dass Unternehmen aus Mittel- und Osteuropa zu den Nutznie\u00dfern dieses globalen Transformationsprozesses geh\u00f6ren k\u00f6nnen. Sei es Verlagerung, Diversifizierung, industrielle Zusammenarbeit, globale Expansion oder die Implementierung neuer Programme die OEMs (Original Equipment Manufacturers) dazu motiviert ihre Lieferketten weiterzuentwickeln \u2013 mit dem professionellen Hintergrund und der Unterst\u00fctzung von DANS k\u00f6nnen Unternehmen aus der CEE-Region (Mittel- und Osteuropa) zu ausgew\u00e4hlten und vertrauensw\u00fcrdigen Lieferanten dieser Branchen werden.<\/span><\/p>\t\t\t\t\t\t\t\t<\/div>\n\t\t\t\t<\/div>\n\t\t\t\t\t<\/div>\n\t\t<\/div>\n\t\t\t\t<div class=\"elementor-column elementor-col-50 elementor-inner-column elementor-element elementor-element-cc695df\" data-id=\"cc695df\" data-element_type=\"column\" data-e-type=\"column\">\n\t\t\t<div class=\"elementor-widget-wrap elementor-element-populated\">\n\t\t\t\t\t\t<div class=\"elementor-element elementor-element-0ef53bb elementor-widget elementor-widget-spacer\" data-id=\"0ef53bb\" data-element_type=\"widget\" data-e-type=\"widget\" data-widget_type=\"spacer.default\">\n\t\t\t\t<div class=\"elementor-widget-container\">\n\t\t\t\t\t\t\t<div class=\"elementor-spacer\">\n\t\t\t<div class=\"elementor-spacer-inner\"><\/div>\n\t\t<\/div>\n\t\t\t\t\t\t<\/div>\n\t\t\t\t<\/div>\n\t\t\t\t<div class=\"elementor-element elementor-element-f3c3b5f elementor-widget elementor-widget-image\" data-id=\"f3c3b5f\" data-element_type=\"widget\" data-e-type=\"widget\" data-widget_type=\"image.default\">\n\t\t\t\t<div class=\"elementor-widget-container\">\n\t\t\t\t\t\t\t\t\t\t\t\t\t\t\t<img fetchpriority=\"high\" decoding=\"async\" width=\"1014\" height=\"447\" src=\"https:\/\/dans.ltd\/wp-content\/uploads\/2025\/02\/wde_1.png\" class=\"attachment-large size-large wp-image-1263\" alt=\"\" srcset=\"https:\/\/dans.ltd\/wp-content\/uploads\/2025\/02\/wde_1.png 494w, https:\/\/dans.ltd\/wp-content\/uploads\/2025\/02\/wde_1-300x198.png 300w, https:\/\/dans.ltd\/wp-content\/uploads\/2025\/02\/wde_1-18x12.png 18w\" sizes=\"(max-width: 1014px) 100vw, 1014px\" \/>\t\t\t\t\t\t\t\t\t\t\t\t\t\t\t<\/div>\n\t\t\t\t<\/div>\n\t\t\t\t\t<\/div>\n\t\t<\/div>\n\t\t\t\t\t<\/div>\n\t\t<\/section>\n\t\t\t\t<section class=\"elementor-section elementor-inner-section elementor-element elementor-element-bce7e22 elementor-section-boxed elementor-section-height-default elementor-section-height-default\" data-id=\"bce7e22\" data-element_type=\"section\" data-e-type=\"section\">\n\t\t\t\t\t\t<div class=\"elementor-container elementor-column-gap-default\">\n\t\t\t\t\t<div class=\"elementor-column elementor-col-50 elementor-inner-column elementor-element elementor-element-e033a3d\" data-id=\"e033a3d\" data-element_type=\"column\" data-e-type=\"column\">\n\t\t\t<div class=\"elementor-widget-wrap elementor-element-populated\">\n\t\t\t\t\t\t<div class=\"elementor-element elementor-element-88a00bf elementor-widget elementor-widget-spacer\" data-id=\"88a00bf\" data-element_type=\"widget\" data-e-type=\"widget\" data-widget_type=\"spacer.default\">\n\t\t\t\t<div class=\"elementor-widget-container\">\n\t\t\t\t\t\t\t<div class=\"elementor-spacer\">\n\t\t\t<div class=\"elementor-spacer-inner\"><\/div>\n\t\t<\/div>\n\t\t\t\t\t\t<\/div>\n\t\t\t\t<\/div>\n\t\t\t\t<div class=\"elementor-element elementor-element-baab325 elementor-widget elementor-widget-image\" data-id=\"baab325\" data-element_type=\"widget\" data-e-type=\"widget\" data-widget_type=\"image.default\">\n\t\t\t\t<div class=\"elementor-widget-container\">\n\t\t\t\t\t\t\t\t\t\t\t\t\t\t\t<img decoding=\"async\" width=\"500\" height=\"145\" src=\"https:\/\/dans.ltd\/wp-content\/uploads\/2025\/02\/wde2.png\" class=\"attachment-large size-large wp-image-1268\" alt=\"\" srcset=\"https:\/\/dans.ltd\/wp-content\/uploads\/2025\/02\/wde2.png 494w, https:\/\/dans.ltd\/wp-content\/uploads\/2025\/02\/wde2-300x141.png 300w, https:\/\/dans.ltd\/wp-content\/uploads\/2025\/02\/wde2-18x8.png 18w\" sizes=\"(max-width: 500px) 100vw, 500px\" \/>\t\t\t\t\t\t\t\t\t\t\t\t\t\t\t<\/div>\n\t\t\t\t<\/div>\n\t\t\t\t\t<\/div>\n\t\t<\/div>\n\t\t\t\t<div class=\"elementor-column elementor-col-50 elementor-inner-column elementor-element elementor-element-d81249d\" data-id=\"d81249d\" data-element_type=\"column\" data-e-type=\"column\">\n\t\t\t<div class=\"elementor-widget-wrap elementor-element-populated\">\n\t\t\t\t\t\t<div class=\"elementor-element elementor-element-6379e61 elementor-widget elementor-widget-text-editor\" data-id=\"6379e61\" data-element_type=\"widget\" data-e-type=\"widget\" data-widget_type=\"text-editor.default\">\n\t\t\t\t<div class=\"elementor-widget-container\">\n\t\t\t\t\t\t\t\t\t<p style=\"text-align: justify;\"><span style=\"font-size: 14pt;\">Die weltweiten Milit\u00e4rausgaben befinden sich seit einigen Jahren auf einem H\u00f6chststand, und dieser wachsende Trend scheint sich in naher Zukunft nicht zu \u00e4ndern. Die Verteidigungsindustrie war schon immer ein krisensicheres Gesch\u00e4ft, und das hat sich weder w\u00e4hrend der COVID-19-Pandemie noch w\u00e4hrend der aktuellen bewaffneten Konflikte in und au\u00dferhalb Europas ge\u00e4ndert. F\u00fchrende Hersteller von Verteidigungssystemen beliefern weiterhin die steigende Nachfrage der Endnutzer aus dem Milit\u00e4r- und Sicherheitssektor, w\u00e4hrend diese zunehmenden Kundenanforderungen gleichzeitig zus\u00e4tzliche Kapazit\u00e4ten auf OEM-Seite erfordern.<\/span><\/p>\t\t\t\t\t\t\t\t<\/div>\n\t\t\t\t<\/div>\n\t\t\t\t\t<\/div>\n\t\t<\/div>\n\t\t\t\t\t<\/div>\n\t\t<\/section>\n\t\t\t\t<section class=\"elementor-section elementor-inner-section elementor-element elementor-element-707ce0c elementor-section-boxed elementor-section-height-default elementor-section-height-default\" data-id=\"707ce0c\" data-element_type=\"section\" data-e-type=\"section\">\n\t\t\t\t\t\t<div class=\"elementor-container elementor-column-gap-default\">\n\t\t\t\t\t<div class=\"elementor-column elementor-col-50 elementor-inner-column elementor-element elementor-element-acabc7b\" data-id=\"acabc7b\" data-element_type=\"column\" data-e-type=\"column\">\n\t\t\t<div class=\"elementor-widget-wrap elementor-element-populated\">\n\t\t\t\t\t\t<div class=\"elementor-element elementor-element-15994e8 elementor-widget elementor-widget-text-editor\" data-id=\"15994e8\" data-element_type=\"widget\" data-e-type=\"widget\" data-widget_type=\"text-editor.default\">\n\t\t\t\t<div class=\"elementor-widget-container\">\n\t\t\t\t\t\t\t\t\t<p style=\"text-align: justify;\"><span style=\"font-size: 14pt;\">Obwohl die Luft- und Raumfahrtindustrie durch COVID in eine massive Krise geraten ist, scheint sie sich nun davon zu erholen. In nur 4 Jahren steht die Branche kurz davor, in mehreren Kennzahlen das Niveau von 2019 zu erreichen, wobei die Einnahmen bis 2023 bereits den Vorkrisen-Benchmark \u00fcbertroffen haben. Ironischerweise wird ihre R\u00fcckkehr auf das Vorkrisen-Niveau dadurch behindert, dass sie einfach nicht genug Flugzeuge in die Luft bringen kann, um die Nachfrage zu decken \u2013 teilweise aufgrund von MRO- (Maintenance, Repair, Overhaul) und Lieferverz\u00f6gerungen, die mit Problemen der Lieferketten zusammenh\u00e4ngen.<\/span><\/p>\t\t\t\t\t\t\t\t<\/div>\n\t\t\t\t<\/div>\n\t\t\t\t\t<\/div>\n\t\t<\/div>\n\t\t\t\t<div class=\"elementor-column elementor-col-50 elementor-inner-column elementor-element elementor-element-21acd2d\" data-id=\"21acd2d\" data-element_type=\"column\" data-e-type=\"column\">\n\t\t\t<div class=\"elementor-widget-wrap elementor-element-populated\">\n\t\t\t\t\t\t<div class=\"elementor-element elementor-element-9771c47 elementor-widget elementor-widget-spacer\" data-id=\"9771c47\" data-element_type=\"widget\" data-e-type=\"widget\" data-widget_type=\"spacer.default\">\n\t\t\t\t<div class=\"elementor-widget-container\">\n\t\t\t\t\t\t\t<div class=\"elementor-spacer\">\n\t\t\t<div class=\"elementor-spacer-inner\"><\/div>\n\t\t<\/div>\n\t\t\t\t\t\t<\/div>\n\t\t\t\t<\/div>\n\t\t\t\t<div class=\"elementor-element elementor-element-6c3aded elementor-widget elementor-widget-image\" data-id=\"6c3aded\" data-element_type=\"widget\" data-e-type=\"widget\" data-widget_type=\"image.default\">\n\t\t\t\t<div class=\"elementor-widget-container\">\n\t\t\t\t\t\t\t\t\t\t\t\t\t\t\t<img decoding=\"async\" width=\"500\" height=\"145\" src=\"https:\/\/dans.ltd\/wp-content\/uploads\/2025\/02\/wde3.png\" class=\"attachment-large size-large wp-image-1270\" alt=\"\" srcset=\"https:\/\/dans.ltd\/wp-content\/uploads\/2025\/02\/wde3.png 494w, https:\/\/dans.ltd\/wp-content\/uploads\/2025\/02\/wde3-300x87.png 300w, https:\/\/dans.ltd\/wp-content\/uploads\/2025\/02\/wde3-18x5.png 18w\" sizes=\"(max-width: 500px) 100vw, 500px\" \/>\t\t\t\t\t\t\t\t\t\t\t\t\t\t\t<\/div>\n\t\t\t\t<\/div>\n\t\t\t\t\t<\/div>\n\t\t<\/div>\n\t\t\t\t\t<\/div>\n\t\t<\/section>\n\t\t\t\t<section class=\"elementor-section elementor-inner-section elementor-element elementor-element-6164351 elementor-section-boxed elementor-section-height-default elementor-section-height-default\" data-id=\"6164351\" data-element_type=\"section\" data-e-type=\"section\">\n\t\t\t\t\t\t<div class=\"elementor-container elementor-column-gap-default\">\n\t\t\t\t\t<div class=\"elementor-column elementor-col-50 elementor-inner-column elementor-element elementor-element-0ac7bad\" data-id=\"0ac7bad\" data-element_type=\"column\" data-e-type=\"column\">\n\t\t\t<div class=\"elementor-widget-wrap elementor-element-populated\">\n\t\t\t\t\t\t<div class=\"elementor-element elementor-element-2b32c5c elementor-widget elementor-widget-spacer\" data-id=\"2b32c5c\" data-element_type=\"widget\" data-e-type=\"widget\" data-widget_type=\"spacer.default\">\n\t\t\t\t<div class=\"elementor-widget-container\">\n\t\t\t\t\t\t\t<div class=\"elementor-spacer\">\n\t\t\t<div class=\"elementor-spacer-inner\"><\/div>\n\t\t<\/div>\n\t\t\t\t\t\t<\/div>\n\t\t\t\t<\/div>\n\t\t\t\t<div class=\"elementor-element elementor-element-33864b4 elementor-widget elementor-widget-image\" data-id=\"33864b4\" data-element_type=\"widget\" data-e-type=\"widget\" data-widget_type=\"image.default\">\n\t\t\t\t<div class=\"elementor-widget-container\">\n\t\t\t\t\t\t\t\t\t\t\t\t\t\t\t<img loading=\"lazy\" decoding=\"async\" width=\"550\" height=\"265\" src=\"https:\/\/dans.ltd\/wp-content\/uploads\/2025\/12\/w25_de.png\" class=\"attachment-large size-large wp-image-1711\" alt=\"\" srcset=\"https:\/\/dans.ltd\/wp-content\/uploads\/2025\/12\/w25_de.png 550w, https:\/\/dans.ltd\/wp-content\/uploads\/2025\/12\/w25_de-300x100.png 300w, https:\/\/dans.ltd\/wp-content\/uploads\/2025\/12\/w25_de-18x6.png 18w\" sizes=\"(max-width: 550px) 100vw, 550px\" \/>\t\t\t\t\t\t\t\t\t\t\t\t\t\t\t<\/div>\n\t\t\t\t<\/div>\n\t\t\t\t\t<\/div>\n\t\t<\/div>\n\t\t\t\t<div class=\"elementor-column elementor-col-50 elementor-inner-column elementor-element elementor-element-a149c6a\" data-id=\"a149c6a\" data-element_type=\"column\" data-e-type=\"column\">\n\t\t\t<div class=\"elementor-widget-wrap elementor-element-populated\">\n\t\t\t\t\t\t<div class=\"elementor-element elementor-element-9767b50 elementor-widget elementor-widget-text-editor\" data-id=\"9767b50\" data-element_type=\"widget\" data-e-type=\"widget\" data-widget_type=\"text-editor.default\">\n\t\t\t\t<div class=\"elementor-widget-container\">\n\t\t\t\t\t\t\t\t\t<p style=\"text-align: justify;\"><span style=\"font-size: 14pt;\">Derzeit erleben wir eine neue Wertsch\u00e4tzung der See als Kriegsschauplatz.\nMigrationsrouten \u00fcber das Meer, das Abschmelzen des n\u00f6rdlichen Eises und zunehmende Gro\u00dfmachtrivalit\u00e4ten um bestimmte n\u00f6rdliche Seehandelswege sowie strategisch bedeutende wirtschaftliche und milit\u00e4rische Gebiete treiben den Wiederaufbau europ\u00e4ischer maritimer Kriegsf\u00fchrungskapazit\u00e4ten voran. Da 22 der 27 EU-Mitgliedstaaten Zugang zum Meer haben, unterst\u00fctzt auch die Europ\u00e4ische Union eine wachsende Zahl maritimer Projekte, um die Verteidigungsf\u00e4higkeiten zur See zu st\u00e4rken. Aus unserer Sicht er\u00f6ffnen sich hier bedeutende Kooperations- und Lieferm\u00f6glichkeiten f\u00fcr europ\u00e4ische Unternehmen mit entsprechenden Kompetenzen in diesem Bereich.<\/span><\/p>\t\t\t\t\t\t\t\t<\/div>\n\t\t\t\t<\/div>\n\t\t\t\t\t<\/div>\n\t\t<\/div>\n\t\t\t\t\t<\/div>\n\t\t<\/section>\n\t\t\t\t<section class=\"elementor-section elementor-inner-section elementor-element elementor-element-d51023f elementor-section-boxed elementor-section-height-default elementor-section-height-default\" data-id=\"d51023f\" data-element_type=\"section\" data-e-type=\"section\">\n\t\t\t\t\t\t<div class=\"elementor-container elementor-column-gap-default\">\n\t\t\t\t\t<div class=\"elementor-column elementor-col-50 elementor-inner-column elementor-element elementor-element-73c9c96\" data-id=\"73c9c96\" data-element_type=\"column\" data-e-type=\"column\">\n\t\t\t<div class=\"elementor-widget-wrap elementor-element-populated\">\n\t\t\t\t\t\t<div class=\"elementor-element elementor-element-f723157 elementor-widget elementor-widget-spacer\" data-id=\"f723157\" data-element_type=\"widget\" data-e-type=\"widget\" data-widget_type=\"spacer.default\">\n\t\t\t\t<div class=\"elementor-widget-container\">\n\t\t\t\t\t\t\t<div class=\"elementor-spacer\">\n\t\t\t<div class=\"elementor-spacer-inner\"><\/div>\n\t\t<\/div>\n\t\t\t\t\t\t<\/div>\n\t\t\t\t<\/div>\n\t\t\t\t<div class=\"elementor-element elementor-element-33693e0 elementor-widget elementor-widget-text-editor\" data-id=\"33693e0\" data-element_type=\"widget\" data-e-type=\"widget\" data-widget_type=\"text-editor.default\">\n\t\t\t\t<div class=\"elementor-widget-container\">\n\t\t\t\t\t\t\t\t\t<p style=\"text-align: justify;\"><span style=\"font-size: 14pt;\">Die Raumfahrtindustrie erlebt offenbar eine Renaissance. Die Grenzenlosigkeit des Universums ermutigt zu kommerziellen, wissenschaftlichen und milit\u00e4rischen Entwicklungen in der Raumfahrtindustrie, in einem solchen Ma\u00dfe, dass viele Unternehmen aus der CEE-Region bereits aktive Teilnehmer und Nutznie\u00dfer dieser Programme geworden sind.<\/span><\/p>\t\t\t\t\t\t\t\t<\/div>\n\t\t\t\t<\/div>\n\t\t\t\t\t<\/div>\n\t\t<\/div>\n\t\t\t\t<div class=\"elementor-column elementor-col-50 elementor-inner-column elementor-element elementor-element-d2ea99c\" data-id=\"d2ea99c\" data-element_type=\"column\" data-e-type=\"column\">\n\t\t\t<div class=\"elementor-widget-wrap elementor-element-populated\">\n\t\t\t\t\t\t<div class=\"elementor-element elementor-element-13feaad elementor-widget elementor-widget-image\" data-id=\"13feaad\" data-element_type=\"widget\" data-e-type=\"widget\" data-widget_type=\"image.default\">\n\t\t\t\t<div class=\"elementor-widget-container\">\n\t\t\t\t\t\t\t\t\t\t\t\t\t\t\t<img loading=\"lazy\" decoding=\"async\" width=\"550\" height=\"265\" src=\"https:\/\/dans.ltd\/wp-content\/uploads\/2025\/07\/w_n2de.png\" class=\"attachment-large size-large wp-image-1718\" alt=\"\" srcset=\"https:\/\/dans.ltd\/wp-content\/uploads\/2025\/07\/w_n2de.png 550w, https:\/\/dans.ltd\/wp-content\/uploads\/2025\/07\/w_n2de-300x145.png 300w, https:\/\/dans.ltd\/wp-content\/uploads\/2025\/07\/w_n2de-18x9.png 18w\" sizes=\"(max-width: 550px) 100vw, 550px\" \/>\t\t\t\t\t\t\t\t\t\t\t\t\t\t\t<\/div>\n\t\t\t\t<\/div>\n\t\t\t\t\t<\/div>\n\t\t<\/div>\n\t\t\t\t\t<\/div>\n\t\t<\/section>\n\t\t\t\t\t<\/div>\n\t\t<\/div>\n\t\t\t\t\t<\/div>\n\t\t<\/section>\n\t\t\t\t<\/div>","protected":false},"excerpt":{"rendered":"<p>WELCOME We at DANS can witness a massive restructuring of the international defence, aerospace, naval and space supply chains underway and are convinced that Central and Eastern European companies could be the beneficiaries of this global transformation process. Whether this is relocation, diversification, industrial co-operation, global footprint expansion or new program implementation that motivates OEMs [&hellip;]<\/p>\n","protected":false},"author":1,"featured_media":0,"parent":0,"menu_order":0,"comment_status":"closed","ping_status":"closed","template":"elementor_header_footer","meta":{"footnotes":""},"class_list":["post-39","page","type-page","status-publish","hentry"],"_links":{"self":[{"href":"https:\/\/dans.ltd\/de\/wp-json\/wp\/v2\/pages\/39","targetHints":{"allow":["GET"]}}],"collection":[{"href":"https:\/\/dans.ltd\/de\/wp-json\/wp\/v2\/pages"}],"about":[{"href":"https:\/\/dans.ltd\/de\/wp-json\/wp\/v2\/types\/page"}],"author":[{"embeddable":true,"href":"https:\/\/dans.ltd\/de\/wp-json\/wp\/v2\/users\/1"}],"replies":[{"embeddable":true,"href":"https:\/\/dans.ltd\/de\/wp-json\/wp\/v2\/comments?post=39"}],"version-history":[{"count":354,"href":"https:\/\/dans.ltd\/de\/wp-json\/wp\/v2\/pages\/39\/revisions"}],"predecessor-version":[{"id":1722,"href":"https:\/\/dans.ltd\/de\/wp-json\/wp\/v2\/pages\/39\/revisions\/1722"}],"wp:attachment":[{"href":"https:\/\/dans.ltd\/de\/wp-json\/wp\/v2\/media?parent=39"}],"curies":[{"name":"wp","href":"https:\/\/api.w.org\/{rel}","templated":true}]}}